{"id":938,"date":"2024-07-11T15:07:25","date_gmt":"2024-07-11T15:07:25","guid":{"rendered":"https:\/\/foiredemontmerle.fr\/?page_id=938"},"modified":"2024-07-11T15:25:37","modified_gmt":"2024-07-11T15:25:37","slug":"place-du-marche","status":"publish","type":"page","link":"https:\/\/foiredemontmerle.fr\/index.php\/place-du-marche\/","title":{"rendered":"Place du march\u00e9"},"content":{"rendered":"\t\t<div data-elementor-type=\"wp-page\" data-elementor-id=\"938\" class=\"elementor elementor-938\">\n\t\t\t\t<div class=\"elementor-element elementor-element-1132a592 e-flex e-con-boxed e-con e-parent\" data-id=\"1132a592\" data-element_type=\"container\">\n\t\t\t\t\t<div class=\"e-con-inner\">\n\t\t\t\t<div class=\"elementor-element elementor-element-3e1f5fa8 elementor-widget elementor-widget-heading\" data-id=\"3e1f5fa8\" data-element_type=\"widget\" data-widget_type=\"heading.default\">\n\t\t\t\t<div class=\"elementor-widget-container\">\n\t\t\t\t\t<h2 class=\"elementor-heading-title elementor-size-default\"><i>Place du march\u00e9 - Vendredi 6 et samedi 7 septembre<\/i><\/h2>\t\t\t\t<\/div>\n\t\t\t\t<\/div>\n\t\t\t\t\t<\/div>\n\t\t\t\t<\/div>\n\t\t<div class=\"elementor-element elementor-element-6ddadca e-flex e-con-boxed e-con e-parent\" data-id=\"6ddadca\" data-element_type=\"container\">\n\t\t\t\t\t<div class=\"e-con-inner\">\n\t\t\t\t<div class=\"elementor-element elementor-element-9cae18b elementor-widget elementor-widget-the-events-calendar-addon\" data-id=\"9cae18b\" data-element_type=\"widget\" data-widget_type=\"the-events-calendar-addon.default\">\n\t\t\t\t<div class=\"elementor-widget-container\">\n\t\t\t\t\t<!=========Events list Template 1.6.18=========><div id=\"ectbe-wrapper-9cae18b\" class=\"ectbe-wrapper ectbe-list-wrapper style-1\"><div id=\"event-1932\" class=\"ectbe-inner-wrapper ectbe-simple-event\"><div class=\"ectbe-date-area\">\n                                <span class=\"ectbe-ev-day\">07<\/span>\n                                <span class=\"ectbe-ev-mo\">septembre<\/span>\n                                <span class=\"ectbe-evt-time\"><span class=\"ectbe-icon\"><i class=\"ectbe-icon-clock\" aria-hidden=\"true\"><\/i><\/span>10h00 - 18h00<\/span>\n                                <\/div><div class=\"ectbe-content-box\"><div class=\"ectbe-ev-cate\"><ul class=\"ectbe-evt-category\"><li class=\"ectbe-each-cate\"><a href=\"https:\/\/foiredemontmerle.fr\/index.php\/events\/categorie\/horaire\/\" rel=\"tag\">Horaire<\/a><\/li><li class=\"ectbe-each-cate\"><a href=\"https:\/\/foiredemontmerle.fr\/index.php\/events\/categorie\/place-du-marche\/\" rel=\"tag\">Place du march\u00e9<\/a><\/li><\/ul><\/div><div class=\"ectbe-evt-title\"><a class=\"ectbe-evt-url\" href=\"https:\/\/foiredemontmerle.fr\/index.php\/event\/la-croix-rouge\/\">La croix rouge<\/a><\/div><div class=\"ectbe-evt-time\"><i class=\"ectbe-icon-clock\"><\/i>10h00 - 18h00<\/div><div class=\"ectbe-evt-venue\"><span class=\"ectbe-icon\"><i class=\"ectbe-icon-location\" aria-hidden=\"true\"><\/i><\/span>\n\t\t\t\t\t\t<span class=\"ectbe-venue-details ectbe-address\">Place du march\u00e9,<span class=\"tribe-address\">\n\n\n\n\n\n\n<\/span>\n<\/span><\/div><div class=\"ectbe-evt-description\"><p>D\u00e9monstration et initiation aux gestes de secours<\/p>\n<\/div><\/div><div class=\"ectbe-evt-more-box\"><a class=\"ectbe-evt-read-more\" href=\"https:\/\/foiredemontmerle.fr\/index.php\/event\/la-croix-rouge\/\">Find out more<\/a><\/div><\/div><div id=\"event-2047\" class=\"ectbe-inner-wrapper ectbe-simple-event\"><div class=\"ectbe-date-area\">\n                                <span class=\"ectbe-ev-day\">07<\/span>\n                                <span class=\"ectbe-ev-mo\">septembre<\/span>\n                                <span class=\"ectbe-evt-time\"><span class=\"ectbe-icon\"><i class=\"ectbe-icon-clock\" aria-hidden=\"true\"><\/i><\/span>10h00 - 18h00<\/span>\n                                <\/div><div class=\"ectbe-content-box\"><div class=\"ectbe-ev-cate\"><ul class=\"ectbe-evt-category\"><li class=\"ectbe-each-cate\"><a href=\"https:\/\/foiredemontmerle.fr\/index.php\/events\/categorie\/horaire\/\" rel=\"tag\">Horaire<\/a><\/li><li class=\"ectbe-each-cate\"><a href=\"https:\/\/foiredemontmerle.fr\/index.php\/events\/categorie\/place-du-marche\/\" rel=\"tag\">Place du march\u00e9<\/a><\/li><\/ul><\/div><div class=\"ectbe-evt-title\"><a class=\"ectbe-evt-url\" href=\"https:\/\/foiredemontmerle.fr\/index.php\/event\/initiation-aux-instruments-de-musique\/\">Initiation aux instruments de musique<\/a><\/div><div class=\"ectbe-evt-time\"><i class=\"ectbe-icon-clock\"><\/i>10h00 - 18h00<\/div><div class=\"ectbe-evt-venue\"><span class=\"ectbe-icon\"><i class=\"ectbe-icon-location\" aria-hidden=\"true\"><\/i><\/span>\n\t\t\t\t\t\t<span class=\"ectbe-venue-details ectbe-address\">Place du march\u00e9,<span class=\"tribe-address\">\n\n\n\n\n\n\n<\/span>\n<\/span><\/div><div class=\"ectbe-evt-description\"><p>Venez essayer de nombreux instruments sur le stand de l'\u00e9cole de musique<\/p>\n<\/div><\/div><div class=\"ectbe-evt-more-box\"><a class=\"ectbe-evt-read-more\" href=\"https:\/\/foiredemontmerle.fr\/index.php\/event\/initiation-aux-instruments-de-musique\/\">Find out more<\/a><\/div><\/div><div id=\"event-1267\" class=\"ectbe-inner-wrapper ectbe-simple-event\"><div class=\"ectbe-date-area\">\n                                <span class=\"ectbe-ev-day\">07<\/span>\n                                <span class=\"ectbe-ev-mo\">septembre<\/span>\n                                <span class=\"ectbe-evt-time\"><span class=\"ectbe-icon\"><i class=\"ectbe-icon-clock\" aria-hidden=\"true\"><\/i><\/span>11h15 - 11h30<\/span>\n                                <\/div><div class=\"ectbe-content-box\"><div class=\"ectbe-ev-cate\"><ul class=\"ectbe-evt-category\"><li class=\"ectbe-each-cate\"><a href=\"https:\/\/foiredemontmerle.fr\/index.php\/events\/categorie\/horaire\/\" rel=\"tag\">Horaire<\/a><\/li><li class=\"ectbe-each-cate\"><a href=\"https:\/\/foiredemontmerle.fr\/index.php\/events\/categorie\/place-du-marche\/\" rel=\"tag\">Place du march\u00e9<\/a><\/li><\/ul><\/div><div class=\"ectbe-evt-title\"><a class=\"ectbe-evt-url\" href=\"https:\/\/foiredemontmerle.fr\/index.php\/event\/montgolfieres-a-doudous-apel-saint-joseph-3\/\">Montgolfi\u00e8re \u00e0 doudous.<\/a><\/div><div class=\"ectbe-evt-time\"><i class=\"ectbe-icon-clock\"><\/i>11h15 - 11h30<\/div><div class=\"ectbe-evt-description\"><p>Venez mettre vos doudous dans la nacelle et regardez-les s'envoler. Animation organis\u00e9e par les \u00e9coles Mick Micheyl et St Joseph.<\/p>\n<\/div><\/div><div class=\"ectbe-evt-more-box\"><a class=\"ectbe-evt-read-more\" href=\"https:\/\/foiredemontmerle.fr\/index.php\/event\/montgolfieres-a-doudous-apel-saint-joseph-3\/\">Find out more<\/a><\/div><\/div><div id=\"event-236\" class=\"ectbe-inner-wrapper ectbe-simple-event\"><div class=\"ectbe-date-area\">\n                                <span class=\"ectbe-ev-day\">07<\/span>\n                                <span class=\"ectbe-ev-mo\">septembre<\/span>\n                                <span class=\"ectbe-evt-time\"><span class=\"ectbe-icon\"><i class=\"ectbe-icon-clock\" aria-hidden=\"true\"><\/i><\/span>11h30 - 11h50<\/span>\n                                <\/div><div class=\"ectbe-content-box\"><div class=\"ectbe-ev-cate\"><ul class=\"ectbe-evt-category\"><li class=\"ectbe-each-cate\"><a href=\"https:\/\/foiredemontmerle.fr\/index.php\/events\/categorie\/horaire\/\" rel=\"tag\">Horaire<\/a><\/li><li class=\"ectbe-each-cate\"><a href=\"https:\/\/foiredemontmerle.fr\/index.php\/events\/categorie\/place-du-marche\/\" rel=\"tag\">Place du march\u00e9<\/a><\/li><\/ul><\/div><div class=\"ectbe-evt-title\"><a class=\"ectbe-evt-url\" href=\"https:\/\/foiredemontmerle.fr\/index.php\/event\/acro-bikes\/\">D\u00e9monstration au VTT trial<\/a><\/div><div class=\"ectbe-evt-time\"><i class=\"ectbe-icon-clock\"><\/i>11h30 - 11h50<\/div><div class=\"ectbe-evt-venue\"><span class=\"ectbe-icon\"><i class=\"ectbe-icon-location\" aria-hidden=\"true\"><\/i><\/span>\n\t\t\t\t\t\t<span class=\"ectbe-venue-details ectbe-address\">Place du march\u00e9,<span class=\"tribe-address\">\n\n\n\n\n\n\n<\/span>\n<\/span><\/div><div class=\"ectbe-evt-description\"><p>Spectacle de Freestyle VTT et de BMX Flat par Acro Bike<\/p>\n<\/div><\/div><div class=\"ectbe-evt-more-box\"><a class=\"ectbe-evt-read-more\" href=\"https:\/\/foiredemontmerle.fr\/index.php\/event\/acro-bikes\/\">Find out more<\/a><\/div><\/div><div id=\"event-894\" class=\"ectbe-inner-wrapper ectbe-simple-event\"><div class=\"ectbe-date-area\">\n                                <span class=\"ectbe-ev-day\">07<\/span>\n                                <span class=\"ectbe-ev-mo\">septembre<\/span>\n                                <span class=\"ectbe-evt-time\"><span class=\"ectbe-icon\"><i class=\"ectbe-icon-clock\" aria-hidden=\"true\"><\/i><\/span>12h30 - 13h15<\/span>\n                                <\/div><div class=\"ectbe-content-box\"><div class=\"ectbe-ev-cate\"><ul class=\"ectbe-evt-category\"><li class=\"ectbe-each-cate\"><a href=\"https:\/\/foiredemontmerle.fr\/index.php\/events\/categorie\/bords-de-saone\/\" rel=\"tag\">Bords de Sa\u00f4ne<\/a><\/li><li class=\"ectbe-each-cate\"><a href=\"https:\/\/foiredemontmerle.fr\/index.php\/events\/categorie\/deambulation\/\" rel=\"tag\">D\u00e9ambulation<\/a><\/li><li class=\"ectbe-each-cate\"><a href=\"https:\/\/foiredemontmerle.fr\/index.php\/events\/categorie\/horaire\/\" rel=\"tag\">Horaire<\/a><\/li><li class=\"ectbe-each-cate\"><a href=\"https:\/\/foiredemontmerle.fr\/index.php\/events\/categorie\/place-de-leglise\/\" rel=\"tag\">Place de l'\u00e9glise<\/a><\/li><li class=\"ectbe-each-cate\"><a href=\"https:\/\/foiredemontmerle.fr\/index.php\/events\/categorie\/place-du-marche\/\" rel=\"tag\">Place du march\u00e9<\/a><\/li><\/ul><\/div><div class=\"ectbe-evt-title\"><a class=\"ectbe-evt-url\" href=\"https:\/\/foiredemontmerle.fr\/index.php\/event\/chiens-daveugles\/\">D\u00e9ambulation Chiens guides d'aveugles<\/a><\/div><div class=\"ectbe-evt-time\"><i class=\"ectbe-icon-clock\"><\/i>12h30 - 13h15<\/div><div class=\"ectbe-evt-venue\"><span class=\"ectbe-icon\"><i class=\"ectbe-icon-location\" aria-hidden=\"true\"><\/i><\/span>\n\t\t\t\t\t\t<span class=\"ectbe-venue-details ectbe-address\">Place du march\u00e9,<span class=\"tribe-address\">\n\n\n\n\n\n\n<\/span>\n<\/span><\/div><div class=\"ectbe-evt-description\"><p>Par l'association des Chiens-Guides d'Aveugles Lyon et Centre-Est D\u00e9part place du march\u00e9 jusqu'\u00e0 la place de l'\u00e9glise puis retour vers le site des m\u00fbriers par la Sa\u00f4ne.<\/p>\n<\/div><\/div><div class=\"ectbe-evt-more-box\"><a class=\"ectbe-evt-read-more\" href=\"https:\/\/foiredemontmerle.fr\/index.php\/event\/chiens-daveugles\/\">Find out more<\/a><\/div><\/div><div id=\"event-2045\" class=\"ectbe-inner-wrapper ectbe-simple-event\"><div class=\"ectbe-date-area\">\n                                <span class=\"ectbe-ev-day\">07<\/span>\n                                <span class=\"ectbe-ev-mo\">septembre<\/span>\n                                <span class=\"ectbe-evt-time\"><span class=\"ectbe-icon\"><i class=\"ectbe-icon-clock\" aria-hidden=\"true\"><\/i><\/span>12h45 - 13h15<\/span>\n                                <\/div><div class=\"ectbe-content-box\"><div class=\"ectbe-ev-cate\"><ul class=\"ectbe-evt-category\"><li class=\"ectbe-each-cate\"><a href=\"https:\/\/foiredemontmerle.fr\/index.php\/events\/categorie\/horaire\/\" rel=\"tag\">Horaire<\/a><\/li><li class=\"ectbe-each-cate\"><a href=\"https:\/\/foiredemontmerle.fr\/index.php\/events\/categorie\/place-du-marche\/\" rel=\"tag\">Place du march\u00e9<\/a><\/li><\/ul><\/div><div class=\"ectbe-evt-title\"><a class=\"ectbe-evt-url\" href=\"https:\/\/foiredemontmerle.fr\/index.php\/event\/demonstration-ecole-de-musique\/\">D\u00e9monstration \u00e9cole de musique<\/a><\/div><div class=\"ectbe-evt-time\"><i class=\"ectbe-icon-clock\"><\/i>12h45 - 13h15<\/div><div class=\"ectbe-evt-venue\"><span class=\"ectbe-icon\"><i class=\"ectbe-icon-location\" aria-hidden=\"true\"><\/i><\/span>\n\t\t\t\t\t\t<span class=\"ectbe-venue-details ectbe-address\">Place du march\u00e9,<span class=\"tribe-address\">\n\n\n\n\n\n\n<\/span>\n<\/span><\/div><div class=\"ectbe-evt-description\"><p>Des morceaux plein d'entrain par l'\u00e9cole de musique<\/p>\n<\/div><\/div><div class=\"ectbe-evt-more-box\"><a class=\"ectbe-evt-read-more\" href=\"https:\/\/foiredemontmerle.fr\/index.php\/event\/demonstration-ecole-de-musique\/\">Find out more<\/a><\/div><\/div><div id=\"event-1824\" class=\"ectbe-inner-wrapper ectbe-simple-event\"><div class=\"ectbe-date-area\">\n                                <span class=\"ectbe-ev-day\">07<\/span>\n                                <span class=\"ectbe-ev-mo\">septembre<\/span>\n                                <span class=\"ectbe-evt-time\"><span class=\"ectbe-icon\"><i class=\"ectbe-icon-clock\" aria-hidden=\"true\"><\/i><\/span>16h30 - 17h00<\/span>\n                                <\/div><div class=\"ectbe-content-box\"><div class=\"ectbe-ev-cate\"><ul class=\"ectbe-evt-category\"><li class=\"ectbe-each-cate\"><a href=\"https:\/\/foiredemontmerle.fr\/index.php\/events\/categorie\/horaire\/\" rel=\"tag\">Horaire<\/a><\/li><li class=\"ectbe-each-cate\"><a href=\"https:\/\/foiredemontmerle.fr\/index.php\/events\/categorie\/place-du-marche\/\" rel=\"tag\">Place du march\u00e9<\/a><\/li><\/ul><\/div><div class=\"ectbe-evt-title\"><a class=\"ectbe-evt-url\" href=\"https:\/\/foiredemontmerle.fr\/index.php\/event\/seance-photo-avec-notre-mascotte-sunny-2\/\">S\u00e9ance photo avec notre mascotte Sunny<\/a><\/div><div class=\"ectbe-evt-time\"><i class=\"ectbe-icon-clock\"><\/i>16h30 - 17h00<\/div><div class=\"ectbe-evt-description\"><p>Petits et grands, venez prendre une photo avec notre mascotte Sunny devant le mur des sponsors. Bonne humeur garantie.<\/p>\n<\/div><\/div><div class=\"ectbe-evt-more-box\"><a class=\"ectbe-evt-read-more\" href=\"https:\/\/foiredemontmerle.fr\/index.php\/event\/seance-photo-avec-notre-mascotte-sunny-2\/\">Find out more<\/a><\/div><\/div><\/div>\t\t\t\t<\/div>\n\t\t\t\t<\/div>\n\t\t\t\t\t<\/div>\n\t\t\t\t<\/div>\n\t\t\t\t<\/div>\n\t\t","protected":false},"excerpt":{"rendered":"<p>Place du march\u00e9 &#8211; Vendredi 6 et samedi 7 septembre 06 septembre 18h00 &#8211; 19h30 Horaire Place du march\u00e9 Compagnie la petite lune18h00 &#8211; 19h30 Place du march\u00e9, Atelier Percu&rsquo;th\u00e9a. [&hellip;]<\/p>\n","protected":false},"author":1,"featured_media":0,"parent":0,"menu_order":0,"comment_status":"closed","ping_status":"closed","template":"","meta":{"ocean_post_layout":"full-width","ocean_both_sidebars_style":"","ocean_both_sidebars_content_width":0,"ocean_both_sidebars_sidebars_width":0,"ocean_sidebar":"","ocean_second_sidebar":"","ocean_disable_margins":"enable","ocean_add_body_class":"","ocean_shortcode_before_top_bar":"","ocean_shortcode_after_top_bar":"","ocean_shortcode_before_header":"","ocean_shortcode_after_header":"","ocean_has_shortcode":"","ocean_shortcode_after_title":"","ocean_shortcode_before_footer_widgets":"","ocean_shortcode_after_footer_widgets":"","ocean_shortcode_before_footer_bottom":"","ocean_shortcode_after_footer_bottom":"","ocean_display_top_bar":"default","ocean_display_header":"default","ocean_header_style":"","ocean_center_header_left_menu":"","ocean_custom_header_template":"","ocean_custom_logo":0,"ocean_custom_retina_logo":0,"ocean_custom_logo_max_width":0,"ocean_custom_logo_tablet_max_width":0,"ocean_custom_logo_mobile_max_width":0,"ocean_custom_logo_max_height":0,"ocean_custom_logo_tablet_max_height":0,"ocean_custom_logo_mobile_max_height":0,"ocean_header_custom_menu":"","ocean_menu_typo_font_family":"","ocean_menu_typo_font_subset":"","ocean_menu_typo_font_size":0,"ocean_menu_typo_font_size_tablet":0,"ocean_menu_typo_font_size_mobile":0,"ocean_menu_typo_font_size_unit":"px","ocean_menu_typo_font_weight":"","ocean_menu_typo_font_weight_tablet":"","ocean_menu_typo_font_weight_mobile":"","ocean_menu_typo_transform":"","ocean_menu_typo_transform_tablet":"","ocean_menu_typo_transform_mobile":"","ocean_menu_typo_line_height":0,"ocean_menu_typo_line_height_tablet":0,"ocean_menu_typo_line_height_mobile":0,"ocean_menu_typo_line_height_unit":"","ocean_menu_typo_spacing":0,"ocean_menu_typo_spacing_tablet":0,"ocean_menu_typo_spacing_mobile":0,"ocean_menu_typo_spacing_unit":"","ocean_menu_link_color":"","ocean_menu_link_color_hover":"","ocean_menu_link_color_active":"","ocean_menu_link_background":"","ocean_menu_link_hover_background":"","ocean_menu_link_active_background":"","ocean_menu_social_links_bg":"","ocean_menu_social_hover_links_bg":"","ocean_menu_social_links_color":"","ocean_menu_social_hover_links_color":"","ocean_disable_title":"on","ocean_disable_heading":"default","ocean_post_title":"","ocean_post_subheading":"","ocean_post_title_style":"","ocean_post_title_background_color":"","ocean_post_title_background":0,"ocean_post_title_bg_image_position":"","ocean_post_title_bg_image_attachment":"","ocean_post_title_bg_image_repeat":"","ocean_post_title_bg_image_size":"","ocean_post_title_height":0,"ocean_post_title_bg_overlay":0.5,"ocean_post_title_bg_overlay_color":"","ocean_disable_breadcrumbs":"default","ocean_breadcrumbs_color":"","ocean_breadcrumbs_separator_color":"","ocean_breadcrumbs_links_color":"","ocean_breadcrumbs_links_hover_color":"","ocean_display_footer_widgets":"default","ocean_display_footer_bottom":"default","ocean_custom_footer_template":"","footnotes":""},"class_list":["post-938","page","type-page","status-publish","hentry","entry"],"yoast_head":"<!-- This site is optimized with the Yoast SEO plugin v25.5 - https:\/\/yoast.com\/wordpress\/plugins\/seo\/ -->\n<title>Place du march\u00e9 - Foire de Montmerle sur Sa\u00f4ne<\/title>\n<meta name=\"robots\" content=\"index, follow, max-snippet:-1, max-image-preview:large, max-video-preview:-1\" \/>\n<link rel=\"canonical\" href=\"https:\/\/foiredemontmerle.fr\/index.php\/place-du-marche\/\" \/>\n<meta property=\"og:locale\" content=\"fr_FR\" \/>\n<meta property=\"og:type\" content=\"article\" \/>\n<meta property=\"og:title\" content=\"Place du march\u00e9 - Foire de Montmerle sur Sa\u00f4ne\" \/>\n<meta property=\"og:description\" content=\"Place du march\u00e9 &#8211; Vendredi 6 et samedi 7 septembre 06 septembre 18h00 &#8211; 19h30 Horaire Place du march\u00e9 Compagnie la petite lune18h00 &#8211; 19h30 Place du march\u00e9, Atelier Percu&rsquo;th\u00e9a. [&hellip;]\" \/>\n<meta property=\"og:url\" content=\"https:\/\/foiredemontmerle.fr\/index.php\/place-du-marche\/\" \/>\n<meta property=\"og:site_name\" content=\"Foire de Montmerle sur Sa\u00f4ne\" \/>\n<meta property=\"article:publisher\" content=\"https:\/\/www.facebook.com\/profile.php?id=61558611375023\" \/>\n<meta property=\"article:modified_time\" content=\"2024-07-11T15:25:37+00:00\" \/>\n<meta name=\"twitter:card\" content=\"summary_large_image\" \/>\n<meta name=\"twitter:label1\" content=\"Dur\u00e9e de lecture estim\u00e9e\" \/>\n\t<meta name=\"twitter:data1\" content=\"1 minute\" \/>\n<script type=\"application\/ld+json\" class=\"yoast-schema-graph\">{\"@context\":\"https:\/\/schema.org\",\"@graph\":[{\"@type\":\"WebPage\",\"@id\":\"https:\/\/foiredemontmerle.fr\/index.php\/place-du-marche\/\",\"url\":\"https:\/\/foiredemontmerle.fr\/index.php\/place-du-marche\/\",\"name\":\"Place du march\u00e9 - Foire de Montmerle sur Sa\u00f4ne\",\"isPartOf\":{\"@id\":\"https:\/\/foiredemontmerle.fr\/#website\"},\"datePublished\":\"2024-07-11T15:07:25+00:00\",\"dateModified\":\"2024-07-11T15:25:37+00:00\",\"breadcrumb\":{\"@id\":\"https:\/\/foiredemontmerle.fr\/index.php\/place-du-marche\/#breadcrumb\"},\"inLanguage\":\"fr-FR\",\"potentialAction\":[{\"@type\":\"ReadAction\",\"target\":[\"https:\/\/foiredemontmerle.fr\/index.php\/place-du-marche\/\"]}]},{\"@type\":\"BreadcrumbList\",\"@id\":\"https:\/\/foiredemontmerle.fr\/index.php\/place-du-marche\/#breadcrumb\",\"itemListElement\":[{\"@type\":\"ListItem\",\"position\":1,\"name\":\"Accueil\",\"item\":\"https:\/\/foiredemontmerle.fr\/\"},{\"@type\":\"ListItem\",\"position\":2,\"name\":\"Place du march\u00e9\"}]},{\"@type\":\"WebSite\",\"@id\":\"https:\/\/foiredemontmerle.fr\/#website\",\"url\":\"https:\/\/foiredemontmerle.fr\/\",\"name\":\"Foire de Montmerle sur Sa\u00f4ne\",\"description\":\"\",\"publisher\":{\"@id\":\"https:\/\/foiredemontmerle.fr\/#organization\"},\"potentialAction\":[{\"@type\":\"SearchAction\",\"target\":{\"@type\":\"EntryPoint\",\"urlTemplate\":\"https:\/\/foiredemontmerle.fr\/?s={search_term_string}\"},\"query-input\":{\"@type\":\"PropertyValueSpecification\",\"valueRequired\":true,\"valueName\":\"search_term_string\"}}],\"inLanguage\":\"fr-FR\"},{\"@type\":\"Organization\",\"@id\":\"https:\/\/foiredemontmerle.fr\/#organization\",\"name\":\"Foire de Montmerle sur Sa\u00f4ne\",\"url\":\"https:\/\/foiredemontmerle.fr\/\",\"logo\":{\"@type\":\"ImageObject\",\"inLanguage\":\"fr-FR\",\"@id\":\"https:\/\/foiredemontmerle.fr\/#\/schema\/logo\/image\/\",\"url\":\"https:\/\/foiredemontmerle.fr\/wp-content\/uploads\/2024\/06\/cropped-Foire-de-Montmerle-VIERGE-512x512-web.jpg\",\"contentUrl\":\"https:\/\/foiredemontmerle.fr\/wp-content\/uploads\/2024\/06\/cropped-Foire-de-Montmerle-VIERGE-512x512-web.jpg\",\"width\":512,\"height\":432,\"caption\":\"Foire de Montmerle sur Sa\u00f4ne\"},\"image\":{\"@id\":\"https:\/\/foiredemontmerle.fr\/#\/schema\/logo\/image\/\"},\"sameAs\":[\"https:\/\/www.facebook.com\/profile.php?id=61558611375023\",\"https:\/\/www.instagram.com\/foire.montmerlesursaone\/\"]}]}<\/script>\n<!-- \/ Yoast SEO plugin. -->","yoast_head_json":{"title":"Place du march\u00e9 - Foire de Montmerle sur Sa\u00f4ne","robots":{"index":"index","follow":"follow","max-snippet":"max-snippet:-1","max-image-preview":"max-image-preview:large","max-video-preview":"max-video-preview:-1"},"canonical":"https:\/\/foiredemontmerle.fr\/index.php\/place-du-marche\/","og_locale":"fr_FR","og_type":"article","og_title":"Place du march\u00e9 - Foire de Montmerle sur Sa\u00f4ne","og_description":"Place du march\u00e9 &#8211; Vendredi 6 et samedi 7 septembre 06 septembre 18h00 &#8211; 19h30 Horaire Place du march\u00e9 Compagnie la petite lune18h00 &#8211; 19h30 Place du march\u00e9, Atelier Percu&rsquo;th\u00e9a. [&hellip;]","og_url":"https:\/\/foiredemontmerle.fr\/index.php\/place-du-marche\/","og_site_name":"Foire de Montmerle sur Sa\u00f4ne","article_publisher":"https:\/\/www.facebook.com\/profile.php?id=61558611375023","article_modified_time":"2024-07-11T15:25:37+00:00","twitter_card":"summary_large_image","twitter_misc":{"Dur\u00e9e de lecture estim\u00e9e":"1 minute"},"schema":{"@context":"https:\/\/schema.org","@graph":[{"@type":"WebPage","@id":"https:\/\/foiredemontmerle.fr\/index.php\/place-du-marche\/","url":"https:\/\/foiredemontmerle.fr\/index.php\/place-du-marche\/","name":"Place du march\u00e9 - Foire de Montmerle sur Sa\u00f4ne","isPartOf":{"@id":"https:\/\/foiredemontmerle.fr\/#website"},"datePublished":"2024-07-11T15:07:25+00:00","dateModified":"2024-07-11T15:25:37+00:00","breadcrumb":{"@id":"https:\/\/foiredemontmerle.fr\/index.php\/place-du-marche\/#breadcrumb"},"inLanguage":"fr-FR","potentialAction":[{"@type":"ReadAction","target":["https:\/\/foiredemontmerle.fr\/index.php\/place-du-marche\/"]}]},{"@type":"BreadcrumbList","@id":"https:\/\/foiredemontmerle.fr\/index.php\/place-du-marche\/#breadcrumb","itemListElement":[{"@type":"ListItem","position":1,"name":"Accueil","item":"https:\/\/foiredemontmerle.fr\/"},{"@type":"ListItem","position":2,"name":"Place du march\u00e9"}]},{"@type":"WebSite","@id":"https:\/\/foiredemontmerle.fr\/#website","url":"https:\/\/foiredemontmerle.fr\/","name":"Foire de Montmerle sur Sa\u00f4ne","description":"","publisher":{"@id":"https:\/\/foiredemontmerle.fr\/#organization"},"potentialAction":[{"@type":"SearchAction","target":{"@type":"EntryPoint","urlTemplate":"https:\/\/foiredemontmerle.fr\/?s={search_term_string}"},"query-input":{"@type":"PropertyValueSpecification","valueRequired":true,"valueName":"search_term_string"}}],"inLanguage":"fr-FR"},{"@type":"Organization","@id":"https:\/\/foiredemontmerle.fr\/#organization","name":"Foire de Montmerle sur Sa\u00f4ne","url":"https:\/\/foiredemontmerle.fr\/","logo":{"@type":"ImageObject","inLanguage":"fr-FR","@id":"https:\/\/foiredemontmerle.fr\/#\/schema\/logo\/image\/","url":"https:\/\/foiredemontmerle.fr\/wp-content\/uploads\/2024\/06\/cropped-Foire-de-Montmerle-VIERGE-512x512-web.jpg","contentUrl":"https:\/\/foiredemontmerle.fr\/wp-content\/uploads\/2024\/06\/cropped-Foire-de-Montmerle-VIERGE-512x512-web.jpg","width":512,"height":432,"caption":"Foire de Montmerle sur Sa\u00f4ne"},"image":{"@id":"https:\/\/foiredemontmerle.fr\/#\/schema\/logo\/image\/"},"sameAs":["https:\/\/www.facebook.com\/profile.php?id=61558611375023","https:\/\/www.instagram.com\/foire.montmerlesursaone\/"]}]}},"_links":{"self":[{"href":"https:\/\/foiredemontmerle.fr\/index.php\/wp-json\/wp\/v2\/pages\/938","targetHints":{"allow":["GET"]}}],"collection":[{"href":"https:\/\/foiredemontmerle.fr\/index.php\/wp-json\/wp\/v2\/pages"}],"about":[{"href":"https:\/\/foiredemontmerle.fr\/index.php\/wp-json\/wp\/v2\/types\/page"}],"author":[{"embeddable":true,"href":"https:\/\/foiredemontmerle.fr\/index.php\/wp-json\/wp\/v2\/users\/1"}],"replies":[{"embeddable":true,"href":"https:\/\/foiredemontmerle.fr\/index.php\/wp-json\/wp\/v2\/comments?post=938"}],"version-history":[{"count":16,"href":"https:\/\/foiredemontmerle.fr\/index.php\/wp-json\/wp\/v2\/pages\/938\/revisions"}],"predecessor-version":[{"id":979,"href":"https:\/\/foiredemontmerle.fr\/index.php\/wp-json\/wp\/v2\/pages\/938\/revisions\/979"}],"wp:attachment":[{"href":"https:\/\/foiredemontmerle.fr\/index.php\/wp-json\/wp\/v2\/media?parent=938"}],"curies":[{"name":"wp","href":"https:\/\/api.w.org\/{rel}","templated":true}]}}